{"id":121,"date":"2025-09-10T09:29:52","date_gmt":"2025-09-10T07:29:52","guid":{"rendered":"https:\/\/frommlet-wolfram.de\/?page_id=121"},"modified":"2025-09-22T11:29:38","modified_gmt":"2025-09-22T09:29:38","slug":"journalist-2","status":"publish","type":"page","link":"https:\/\/frommlet-wolfram.de\/index.php\/journalist-2\/","title":{"rendered":"Journalist"},"content":{"rendered":"\n<p>Als Journalist und Auslandskorrespondent arbeitet Wolfram Frommlet in den Bereichen: <\/p>\n\n\n\n<p><a href=\"https:\/\/frommlet-wolfram.de\/index.php\/presse-2\/\" data-type=\"page\" data-id=\"70\">Presse<\/a><\/p>\n\n\n\n<p><a href=\"https:\/\/frommlet-wolfram.de\/index.php\/reden-vortraege-lesungen\/\" data-type=\"page\" data-id=\"72\">Reden &amp; Vortr\u00e4ge<\/a><\/p>\n\n\n\n<p><a href=\"https:\/\/frommlet-wolfram.de\/index.php\/kulturschaffender-2\/\" data-type=\"page\" data-id=\"84\">Dokumentarfilme<\/a><\/p>\n\n\n\n<p><a href=\"https:\/\/frommlet-wolfram.de\/index.php\/hoerfunk-und-fernsehen\/\" data-type=\"page\" data-id=\"68\">H\u00f6rfunk und Fernsehen<\/a><\/p>\n\n\n\n<p>Zudem war er jahrelang Kolumnist f\u00fcr die Schw\u00e4bische Zeitung in Ravensburg, seiner Heimatstadt.<\/p>\n\n\n\n<p>Wolfram Frommlets aktuelles Buch:<\/p>\n\n\n\n<figure class=\"wp-block-image\"><a href=\"https:\/\/www.kroener-verlag.de\/books\/johann-sebastian-bach-geht-%C3%BCber-den-sambesi.html\"><img loading=\"lazy\" decoding=\"async\" width=\"144\" height=\"222\" src=\"http:\/\/frommlet-wolfram.de\/wp-content\/uploads\/2025\/08\/Cover-Frommlet_Sambesi-mini.jpg\" alt=\"\" class=\"wp-image-8\"\/><\/a><\/figure>\n\n\n\n<figure class=\"wp-block-embed\"><div class=\"wp-block-embed__wrapper\">\nhttps:\/\/www.kroener-verlag.de\/books\/johann-sebastian-bach-geht-%C3%BCber-den-sambesi.html\n<\/div><\/figure>\n","protected":false},"excerpt":{"rendered":"<p>Als Journalist und Auslandskorrespondent arbeitet Wolfram Frommlet in den Bereichen: Presse Reden &amp; Vortr\u00e4ge Dokumentarfilme H\u00f6rfunk und Fernsehen Zudem war er jahrelang Kolumnist f\u00fcr die Schw\u00e4bische Zeitung in Ravensburg, seiner Heimatstadt. Wolfram Frommlets aktuelles Buch:<\/p>\n","protected":false},"author":1,"featured_media":221,"parent":0,"menu_order":0,"comment_status":"closed","ping_status":"closed","template":"","meta":{"neve_meta_sidebar":"","neve_meta_container":"","neve_meta_enable_content_width":"","neve_meta_content_width":0,"neve_meta_title_alignment":"","neve_meta_author_avatar":"","neve_post_elements_order":"","neve_meta_disable_header":"","neve_meta_disable_footer":"","neve_meta_disable_title":"","footnotes":""},"class_list":["post-121","page","type-page","status-publish","has-post-thumbnail","hentry"],"_links":{"self":[{"href":"https:\/\/frommlet-wolfram.de\/index.php\/wp-json\/wp\/v2\/pages\/121","targetHints":{"allow":["GET"]}}],"collection":[{"href":"https:\/\/frommlet-wolfram.de\/index.php\/wp-json\/wp\/v2\/pages"}],"about":[{"href":"https:\/\/frommlet-wolfram.de\/index.php\/wp-json\/wp\/v2\/types\/page"}],"author":[{"embeddable":true,"href":"https:\/\/frommlet-wolfram.de\/index.php\/wp-json\/wp\/v2\/users\/1"}],"replies":[{"embeddable":true,"href":"https:\/\/frommlet-wolfram.de\/index.php\/wp-json\/wp\/v2\/comments?post=121"}],"version-history":[{"count":2,"href":"https:\/\/frommlet-wolfram.de\/index.php\/wp-json\/wp\/v2\/pages\/121\/revisions"}],"predecessor-version":[{"id":172,"href":"https:\/\/frommlet-wolfram.de\/index.php\/wp-json\/wp\/v2\/pages\/121\/revisions\/172"}],"wp:featuredmedia":[{"embeddable":true,"href":"https:\/\/frommlet-wolfram.de\/index.php\/wp-json\/wp\/v2\/media\/221"}],"wp:attachment":[{"href":"https:\/\/frommlet-wolfram.de\/index.php\/wp-json\/wp\/v2\/media?parent=121"}],"curies":[{"name":"wp","href":"https:\/\/api.w.org\/{rel}","templated":true}]}}