{"id":150,"date":"2025-09-11T10:45:50","date_gmt":"2025-09-11T08:45:50","guid":{"rendered":"https:\/\/frommlet-wolfram.de\/?page_id=150"},"modified":"2025-10-05T18:33:48","modified_gmt":"2025-10-05T16:33:48","slug":"medientrainings","status":"publish","type":"page","link":"https:\/\/frommlet-wolfram.de\/index.php\/medientrainings\/","title":{"rendered":"Medientrainings"},"content":{"rendered":"\n<p><strong>* WDR K\u00f6ln, Ausbildungsabteilung<br>* S\u00fcdwestfunk Baden-Baden, Ausbildungsabteilung<br>* Radio Nederland Training Centre, Hilversum<br>* Internationales Institut f\u00fcr Journalismus, Berlin<\/strong><\/p>\n\n\n\n<p>f\u00fcr Journalisten, Autoren, Regisseure, Schauspieler aus Asien, Afrika, Nahost <strong>1978 &#8211; 2005<\/strong><\/p>\n\n\n\n<p><strong>* Deutsche Welle Radio Training Centre, K\u00f6ln<br>* Goethe Institute Indonesien, Tansania, Sri Lanka, Ghana<br>* UNESCO Paris \u2013 Kenia<br>* Friedrich Naumann Stiftung, Bonn<\/strong><\/p>\n\n\n\n<p>Trainings &amp; Consultings in folgenden L\u00e4ndern:<\/p>\n\n\n\n<p>Aethiopien, Ghana, Kenia, Malawi, Mocambique, Namibia, Nigeria, Ruanda, Sambia,<br>Simbabwe, S\u00fcdafrika, Tansania, Uganda, Jamaica, China, Indien, Indonesien, Thailand, Sri Lanka<\/p>\n","protected":false},"excerpt":{"rendered":"<p>* WDR K\u00f6ln, Ausbildungsabteilung* S\u00fcdwestfunk Baden-Baden, Ausbildungsabteilung* Radio Nederland Training Centre, Hilversum* Internationales Institut f\u00fcr Journalismus, Berlin f\u00fcr Journalisten, Autoren, Regisseure, Schauspieler aus Asien, Afrika, Nahost 1978 &#8211; 2005 * Deutsche Welle Radio Training Centre, K\u00f6ln* Goethe Institute Indonesien, Tansania, Sri Lanka, Ghana* UNESCO Paris \u2013 Kenia* Friedrich Naumann Stiftung, Bonn Trainings &amp; Consultings in&hellip;&nbsp;<a href=\"https:\/\/frommlet-wolfram.de\/index.php\/medientrainings\/\" rel=\"bookmark\"><span class=\"screen-reader-text\">Medientrainings<\/span><\/a><\/p>\n","protected":false},"author":1,"featured_media":411,"parent":0,"menu_order":0,"comment_status":"closed","ping_status":"closed","template":"","meta":{"neve_meta_sidebar":"","neve_meta_container":"","neve_meta_enable_content_width":"","neve_meta_content_width":0,"neve_meta_title_alignment":"","neve_meta_author_avatar":"","neve_post_elements_order":"","neve_meta_disable_header":"","neve_meta_disable_footer":"","neve_meta_disable_title":"","footnotes":""},"class_list":["post-150","page","type-page","status-publish","has-post-thumbnail","hentry"],"_links":{"self":[{"href":"https:\/\/frommlet-wolfram.de\/index.php\/wp-json\/wp\/v2\/pages\/150","targetHints":{"allow":["GET"]}}],"collection":[{"href":"https:\/\/frommlet-wolfram.de\/index.php\/wp-json\/wp\/v2\/pages"}],"about":[{"href":"https:\/\/frommlet-wolfram.de\/index.php\/wp-json\/wp\/v2\/types\/page"}],"author":[{"embeddable":true,"href":"https:\/\/frommlet-wolfram.de\/index.php\/wp-json\/wp\/v2\/users\/1"}],"replies":[{"embeddable":true,"href":"https:\/\/frommlet-wolfram.de\/index.php\/wp-json\/wp\/v2\/comments?post=150"}],"version-history":[{"count":1,"href":"https:\/\/frommlet-wolfram.de\/index.php\/wp-json\/wp\/v2\/pages\/150\/revisions"}],"predecessor-version":[{"id":151,"href":"https:\/\/frommlet-wolfram.de\/index.php\/wp-json\/wp\/v2\/pages\/150\/revisions\/151"}],"wp:featuredmedia":[{"embeddable":true,"href":"https:\/\/frommlet-wolfram.de\/index.php\/wp-json\/wp\/v2\/media\/411"}],"wp:attachment":[{"href":"https:\/\/frommlet-wolfram.de\/index.php\/wp-json\/wp\/v2\/media?parent=150"}],"curies":[{"name":"wp","href":"https:\/\/api.w.org\/{rel}","templated":true}]}}