{"id":194,"date":"2025-09-21T19:18:13","date_gmt":"2025-09-21T17:18:13","guid":{"rendered":"https:\/\/frommlet-wolfram.de\/?page_id=194"},"modified":"2025-09-22T13:57:21","modified_gmt":"2025-09-22T11:57:21","slug":"dsgvo","status":"publish","type":"page","link":"https:\/\/frommlet-wolfram.de\/index.php\/dsgvo\/","title":{"rendered":"DSGVO"},"content":{"rendered":"\n<p>Datenschutz<\/p>\n\n\n\n<h1 class=\"wp-block-heading\">Datenschutzerkl\u00e4rung<\/h1>\n\n\n\n<h2 class=\"wp-block-heading\"><strong>\u00a7 1 Allgemeines<\/strong><\/h2>\n\n\n\n<p>Ihre personenbezogenen Daten (z.B. Anrede, Name, Anschrift, E-Mail-Adresse, Telefonnummer, Bankverbindung, Kreditkartennummer) werden von uns nur gem\u00e4\u00df den Bestimmungen des deutschen Datenschutzrechts verarbeitet. Die nachfolgenden Vorschriften informieren Sie \u00fcber Art, Umfang und Zweck der Erhebung, Verarbeitung und Nutzung personenbezogener Daten. Diese Datenschutzerkl\u00e4rung bezieht sich nur auf unsere Webseiten. Falls Sie \u00fcber Links auf unseren Seiten auf andere Seiten weitergeleitet werden, informieren Sie sich bitte dort \u00fcber den jeweiligen Umgang mit Ihren Daten.<\/p>\n\n\n\n<h2 class=\"wp-block-heading\"><strong>\u00a7 2 Bestandsdaten<\/strong><\/h2>\n\n\n\n<p>(1) Ihre personenbezogenen Daten, soweit diese f\u00fcr die Begr\u00fcndung, inhaltliche Ausgestaltung oder \u00c4nderung des Vertragsverh\u00e4ltnisses erforderlich sind (Bestandsdaten), werden ausschlie\u00dflich zur Vertragsabwicklung verwendet. So muss z.B. zur Zustellung von Briefen Ihr Name und Ihre Anschrift an den Versanddienstleister weitergegeben werden.<\/p>\n\n\n\n<p>(2) Ohne Ihre ausdr\u00fcckliche Einwilligung oder ohne gesetzliche Grundlage werden Ihre personenbezogenen Daten nicht an au\u00dferhalb der Vertragsbeziehung stehende Dritte weitergegeben. Nach vollst\u00e4ndigem Ende des Vertragsverh\u00e4ltnisses werden Ihre Daten, z.B. Passw\u00f6rter und f\u00fcr Sie angelegte Kreativdaten archiviert, d.h. gesichert und verschl\u00fcsselt aufbewahrt. Eine Verwendung der Daten findet nicht mehr statt. Nach Ablauf von zehn Jahren werden Kundendaten gel\u00f6scht, es sei denn, Kundin oder Kundin h\u00e4tte um weitere Speicherung gebeten.<\/p>\n\n\n\n<h2 class=\"wp-block-heading\"><strong>\u00a7 3 Kommentare<\/strong><\/h2>\n\n\n\n<p>Es besteht keine M\u00f6glichkeit, einen Kommentar zu verfassen. Bis zur Kl\u00e4rung der Rechtslage sind die interaktiven Funktionen abgeschaltet. Sie sind freundlich gebeten, die Kontaktseite und dort die E-Mail-Funktionen zu verwenden.<\/p>\n\n\n\n<h2 class=\"wp-block-heading\"><strong>\u00a7 4 Webanalyse: Cookies, Google Analytics<\/strong><\/h2>\n\n\n\n<p>Diese Website benutzt weder Google Analytics, noch Tracking, noch andere Webanalysedienste. der Google Inc. (\u201e<em>Google<\/em>\u201e). Ebensowenig verwendet werden sog. &#8222;<em>Cookies<\/em>&#8222;, Textdateien, die auf Ihrem Computer gespeichert werden und die eine Analyse der Benutzung der Website durch Sie erm\u00f6glichen.<\/p>\n\n\n\n<h2 class=\"wp-block-heading\"><strong>\u00a7 5 Auskunft<\/strong><\/h2>\n\n\n\n<p>Nach dem Bundesdatenschutzgesetz (BDSG) haben Sie ein Recht auf unentgeltliche Auskunft \u00fcber Ihre gespeicherten Daten sowie ggf. ein Recht auf Berichtigung, Sperrung oder L\u00f6schung dieser Daten.<\/p>\n\n\n\n<p><strong>Verantwortlicher f\u00fcr die Datenverarbeitung:<\/strong><\/p>\n\n\n\n<p>Wolfram Frommlet<br><br>Untere Breite Stra\u00dfe 43<br>D 88212 Ravensburg<\/p>\n\n\n\n<p>Tel. 0751 \u2013 35 21 00<br><br>E-Mail: <a href=\"mailto:buero@frommlet-wolfram.de\">buero@frommlet-wolfram.de<\/a><br>Internet: <a href=\"http:\/\/www.frommlet-wolfram.de\" target=\"_blank\" rel=\"noreferrer noopener\">www.frommlet-wolfram.de<\/a><\/p>\n\n\n\n<h2 class=\"wp-block-heading\">Inhaltlich veranwortlich<\/h2>\n\n\n\n<p>Inhaltlich Verantwortlicher gem\u00e4\u00df \u00a7 10 Absatz 3 MDStV:<br>Wolfram Frommlet<\/p>\n\n\n\n<p>Wolfram Frommlet<br><br>Untere Breite Stra\u00dfe 43<br>D 88212 Ravensburg<br><br><br><br><\/p>\n\n\n\n<h2 class=\"wp-block-heading\">Kontakt f\u00fcr rechtliche Nachfragen<\/h2>\n\n\n\n<figure class=\"wp-block-image size-full\"><a href=\"https:\/\/www.contract-management.pro\/\"><img loading=\"lazy\" decoding=\"async\" width=\"300\" height=\"258\" src=\"https:\/\/frommlet-wolfram.de\/wp-content\/uploads\/2025\/09\/Logo_schroeder_rose-300x258-1.png\" alt=\"\" class=\"wp-image-252\"\/><\/a><\/figure>\n\n\n\n<p>F\u00fcr rechtliche Nachfragen oder begr\u00fcndete Beanstandungen wenden Sie sich bitte an die uns beratende Anwaltskanzlei:<\/p>\n\n\n\n<p><\/p>\n\n\n\n<p><a href=\"https:\/\/www.contract-management.pro\/\">Anwaltskanzlei <br>Anne Claire Schroeder-Rose<\/a><\/p>\n\n\n\n<p><strong>Rechtanw\u00e4ltin<\/strong><\/p>\n\n\n\n<p>Irmengardstr. 9<br>88213 Ravensburg<br>D \u2013 Germany<br>Fon: +49 751 9770242<br>Mobile: +49 151 701 383 16<\/p>\n\n\n\n<p>E-Mail: <a href=\"mailto:info@contract-management.pro\">info@contract-management.pro<\/a><br><\/p>\n\n\n\n<p><\/p>\n","protected":false},"excerpt":{"rendered":"<p>Datenschutz Datenschutzerkl\u00e4rung \u00a7 1 Allgemeines Ihre personenbezogenen Daten (z.B. Anrede, Name, Anschrift, E-Mail-Adresse, Telefonnummer, Bankverbindung, Kreditkartennummer) werden von uns nur gem\u00e4\u00df den Bestimmungen des deutschen Datenschutzrechts verarbeitet. Die nachfolgenden Vorschriften informieren Sie \u00fcber Art, Umfang und Zweck der Erhebung, Verarbeitung und Nutzung personenbezogener Daten. Diese Datenschutzerkl\u00e4rung bezieht sich nur auf unsere Webseiten. Falls Sie \u00fcber&hellip;&nbsp;<a href=\"https:\/\/frommlet-wolfram.de\/index.php\/dsgvo\/\" rel=\"bookmark\"><span class=\"screen-reader-text\">DSGVO<\/span><\/a><\/p>\n","protected":false},"author":1,"featured_media":0,"parent":0,"menu_order":0,"comment_status":"closed","ping_status":"closed","template":"","meta":{"neve_meta_sidebar":"","neve_meta_container":"","neve_meta_enable_content_width":"","neve_meta_content_width":0,"neve_meta_title_alignment":"","neve_meta_author_avatar":"","neve_post_elements_order":"","neve_meta_disable_header":"","neve_meta_disable_footer":"","neve_meta_disable_title":"","footnotes":""},"class_list":["post-194","page","type-page","status-publish","hentry"],"_links":{"self":[{"href":"https:\/\/frommlet-wolfram.de\/index.php\/wp-json\/wp\/v2\/pages\/194","targetHints":{"allow":["GET"]}}],"collection":[{"href":"https:\/\/frommlet-wolfram.de\/index.php\/wp-json\/wp\/v2\/pages"}],"about":[{"href":"https:\/\/frommlet-wolfram.de\/index.php\/wp-json\/wp\/v2\/types\/page"}],"author":[{"embeddable":true,"href":"https:\/\/frommlet-wolfram.de\/index.php\/wp-json\/wp\/v2\/users\/1"}],"replies":[{"embeddable":true,"href":"https:\/\/frommlet-wolfram.de\/index.php\/wp-json\/wp\/v2\/comments?post=194"}],"version-history":[{"count":3,"href":"https:\/\/frommlet-wolfram.de\/index.php\/wp-json\/wp\/v2\/pages\/194\/revisions"}],"predecessor-version":[{"id":254,"href":"https:\/\/frommlet-wolfram.de\/index.php\/wp-json\/wp\/v2\/pages\/194\/revisions\/254"}],"wp:attachment":[{"href":"https:\/\/frommlet-wolfram.de\/index.php\/wp-json\/wp\/v2\/media?parent=194"}],"curies":[{"name":"wp","href":"https:\/\/api.w.org\/{rel}","templated":true}]}}