{"id":52,"date":"2025-08-25T20:51:00","date_gmt":"2025-08-25T18:51:00","guid":{"rendered":"https:\/\/frommlet-wolfram.de\/?page_id=52"},"modified":"2025-12-21T11:10:25","modified_gmt":"2025-12-21T10:10:25","slug":"wolfram-frommlet-4","status":"publish","type":"page","link":"https:\/\/frommlet-wolfram.de\/","title":{"rendered":"Wolfram Frommlet"},"content":{"rendered":"\n<p><\/p>\n\n\n\n<p>Wolfram Frommlet ist Autor und Kulturschaffender. Er lebt und arbeitet heute in seiner Heimatstadt Ravensburg. Mehr als vier Jahrzehnte arbeitete er in Afrika und Asien als Medientrainer, Journalist und Publizist.<\/p>\n\n\n\n<p class=\"has-text-align-center has-neve-text-color-color has-text-color has-background has-link-color wp-elements-61480a288587d30598788551abb5fdbd\" style=\"background-color:#fffc5b\"><a href=\"https:\/\/frommlet-wolfram.de\/index.php\/2025\/12\/20\/identitaets-diebstahl-warnung\/\" data-type=\"post\" data-id=\"446\"><strong>Dezember 2025 &#8211; aktuelle Warnung:<\/strong><\/a><br><a href=\"https:\/\/frommlet-wolfram.de\/index.php\/2025\/12\/20\/identitaets-diebstahl-warnung\/\" data-type=\"post\" data-id=\"446\"><strong>Kriminelle missbrauchen die Identit\u00e4t des Autors<\/strong><\/a><\/p>\n\n\n<div class=\"wp-block-image\">\n<figure class=\"aligncenter size-large is-resized\"><a href=\"https:\/\/frommlet-wolfram.de\/index.php\/2025\/12\/20\/identitaets-diebstahl-warnung\/\"><img loading=\"lazy\" decoding=\"async\" width=\"683\" height=\"1024\" src=\"http:\/\/frommlet-wolfram.de\/wp-content\/uploads\/2025\/12\/DANGER-Keep-away-ChatGPT-Image-20.-Dez.-2025-21_17_55-683x1024.png\" alt=\"\" class=\"wp-image-447\" style=\"aspect-ratio:0.6670567523824;width:85px;height:auto\" srcset=\"https:\/\/frommlet-wolfram.de\/wp-content\/uploads\/2025\/12\/DANGER-Keep-away-ChatGPT-Image-20.-Dez.-2025-21_17_55-683x1024.png 683w, https:\/\/frommlet-wolfram.de\/wp-content\/uploads\/2025\/12\/DANGER-Keep-away-ChatGPT-Image-20.-Dez.-2025-21_17_55-200x300.png 200w, https:\/\/frommlet-wolfram.de\/wp-content\/uploads\/2025\/12\/DANGER-Keep-away-ChatGPT-Image-20.-Dez.-2025-21_17_55-768x1152.png 768w, https:\/\/frommlet-wolfram.de\/wp-content\/uploads\/2025\/12\/DANGER-Keep-away-ChatGPT-Image-20.-Dez.-2025-21_17_55.png 1024w\" sizes=\"auto, (max-width: 683px) 100vw, 683px\" \/><\/a><\/figure>\n<\/div>\n\n\n<p>Ein umfassendes Buch hat er seiner Heimatstadt und ihrer Vergangenheit gewidmet (&#8222;Von Liebe und Leid, von Arbeit und W\u00fcrde: Ravensburger Lebensgeschichten aus 100 Jahren&#8220;).<\/p>\n\n\n<div class=\"wp-block-image\">\n<figure class=\"alignright size-large is-resized\"><img loading=\"lazy\" decoding=\"async\" width=\"1024\" height=\"832\" src=\"http:\/\/frommlet-wolfram.de\/wp-content\/uploads\/2025\/09\/small50-HC5A5699-scaled-e1758569677967-1024x832.jpg\" alt=\"Wolfram Frommlet (rechts) im Gespr\u00e4ch mit dem Ravensburger Ingenieur Patrick Pinda-Abignault\" class=\"wp-image-102\" style=\"width:769px;height:auto\" srcset=\"https:\/\/frommlet-wolfram.de\/wp-content\/uploads\/2025\/09\/small50-HC5A5699-scaled-e1758569677967-1024x832.jpg 1024w, https:\/\/frommlet-wolfram.de\/wp-content\/uploads\/2025\/09\/small50-HC5A5699-scaled-e1758569677967-300x244.jpg 300w, https:\/\/frommlet-wolfram.de\/wp-content\/uploads\/2025\/09\/small50-HC5A5699-scaled-e1758569677967-768x624.jpg 768w, https:\/\/frommlet-wolfram.de\/wp-content\/uploads\/2025\/09\/small50-HC5A5699-scaled-e1758569677967-1536x1249.jpg 1536w, https:\/\/frommlet-wolfram.de\/wp-content\/uploads\/2025\/09\/small50-HC5A5699-scaled-e1758569677967-2048x1665.jpg 2048w\" sizes=\"auto, (max-width: 1024px) 100vw, 1024px\" \/><\/figure>\n<\/div>\n\n\n<p>Ein anderes, soeben erschienenes Buch beschreibt die H\u00e4lfte seines Lebens, die er in Afrika verbrachte: \u201eJohann Sebastian Bach geht \u00fcber den Sambesi\u201c. Das Werk ist hier bestellbar:<\/p>\n\n\n\n<p><a href=\"https:\/\/www.kroener-verlag.de\/books\/johann-sebastian-bach-geht-%C3%BCber-den-sambesi.html\">https:\/\/www.kroener-verlag.de\/books\/johann-sebastian-bach-geht-%C3%BCber-den-sambesi.html<\/a><\/p>\n\n\n\n<p>Eine \u00dcbersicht aller Werke des Autors finden Sie auf der <a href=\"https:\/\/frommlet-wolfram.de\/index.php\/buecher\/\" data-type=\"page\" data-id=\"74\">Publikationsseite<\/a>. <\/p>\n\n\n\n<p>Wolfram Frommlet hat nie aufgeh\u00f6rt, sein Publikum zu suchen, Diskurse zu f\u00fchren und als Redner, Rezitator und Vorleser live aufzutreten. Nach einem Leben, dessen Vielfalt, Abenteuer, H\u00f6hen und Tiefen kaum \u00fcberboten werden k\u00f6nnen, ist sein Ausblick zugleich pragmatisch und intellektuell: ohne Altersmilde, streitbar wie eh und je, stellt sich der Autor der Diskussion und stellt auch seine Diskutanten. Bei Auftritten dieses Autors sind Zwischenfragen erw\u00fcnscht &#8211; gern arbeitet er auch mit brillanten Musikern zusammen wie etwa dem Multi-Instrumentalisten Andieh Merk.<\/p>\n\n\n\n<figure class=\"wp-block-image size-large is-resized\"><img loading=\"lazy\" decoding=\"async\" width=\"1024\" height=\"861\" src=\"http:\/\/frommlet-wolfram.de\/wp-content\/uploads\/2025\/09\/small50-frommlet-lesung-02-e1758570006862-1024x861.jpg\" alt=\"\" class=\"wp-image-100\" style=\"width:663px;height:auto\" srcset=\"https:\/\/frommlet-wolfram.de\/wp-content\/uploads\/2025\/09\/small50-frommlet-lesung-02-e1758570006862-1024x861.jpg 1024w, https:\/\/frommlet-wolfram.de\/wp-content\/uploads\/2025\/09\/small50-frommlet-lesung-02-e1758570006862-300x252.jpg 300w, https:\/\/frommlet-wolfram.de\/wp-content\/uploads\/2025\/09\/small50-frommlet-lesung-02-e1758570006862-768x646.jpg 768w, https:\/\/frommlet-wolfram.de\/wp-content\/uploads\/2025\/09\/small50-frommlet-lesung-02-e1758570006862-1536x1292.jpg 1536w, https:\/\/frommlet-wolfram.de\/wp-content\/uploads\/2025\/09\/small50-frommlet-lesung-02-e1758570006862.jpg 1840w\" sizes=\"auto, (max-width: 1024px) 100vw, 1024px\" \/><figcaption class=\"wp-element-caption\">Wolfram Frommlet (rechts) mit dem Multi-Instrumentalisten Andieh Merk<\/figcaption><\/figure>\n\n\n\n<p>Wolfram Frommlet ist einer der bekanntesten, sicher einer der weitest-gereisten Menschen der Region Oberschwaben. Ganz sicher ist er einer von denen, die am l\u00e4ngsten arbeiten, unerm\u00fcdlich und ununterbrochen, weit \u00fcber das &#8222;normale&#8220; Ruhestands-Alter hinaus. Diese Webseiten sind ein Aufruf ans lesende Publikum und an politisch Interessierte, sich zu informieren, die Auseinandersetzung zu suchen und engagiert zu bleiben &#8211; an jedem Tag. Denn die Politik, die Gesellschaft, die Sprache und die Technik entwickeln und ver\u00e4ndern sich in nie gekannter Geschwindigkeit. <\/p>\n\n\n\n<hr class=\"wp-block-separator has-alpha-channel-opacity\"\/>\n\n\n\n<p>Diese Seiten sollen keine WikiPedia-Erg\u00e4nzung sein &#8211; sie werden h\u00e4ufig editiert und beschreiben mehr die Aktivit\u00e4ten und das Denken Wolfram Frommlets. Es geht um das Am-Ball-Bleiben, um das, was aktiv verwirklicht wird. Dementsprechend finden Sie hier auch Projekte, die in Planung sind, f\u00fcr die Mitstreiter gesucht werden, oder die vielleicht nur Aufforderung und Anregung sind. Kritik, Kommentare und Auseinandersetzung sind ausdr\u00fccklich gew\u00fcnscht (nutzen Sie daf\u00fcr bitte die Kontakt-Seite). Die Zeiten werden nicht besser. Was hilft\u00b4s? Nichts hilft, au\u00dfer selbst besser zu werden. <\/p>\n\n\n\n<p><\/p>\n\n\n\n<figure class=\"wp-block-image size-full\"><img loading=\"lazy\" decoding=\"async\" width=\"950\" height=\"449\" src=\"http:\/\/frommlet-wolfram.de\/wp-content\/uploads\/2025\/08\/startbg.png\" alt=\"\" class=\"wp-image-50\" srcset=\"https:\/\/frommlet-wolfram.de\/wp-content\/uploads\/2025\/08\/startbg.png 950w, https:\/\/frommlet-wolfram.de\/wp-content\/uploads\/2025\/08\/startbg-300x142.png 300w, https:\/\/frommlet-wolfram.de\/wp-content\/uploads\/2025\/08\/startbg-768x363.png 768w\" sizes=\"auto, (max-width: 950px) 100vw, 950px\" \/><\/figure>\n\n\n\n<p><\/p>\n","protected":false},"excerpt":{"rendered":"<p>Wolfram Frommlet ist Autor und Kulturschaffender. Er lebt und arbeitet heute in seiner Heimatstadt Ravensburg. Mehr als vier Jahrzehnte arbeitete er in Afrika und Asien als Medientrainer, Journalist und Publizist. Dezember 2025 &#8211; aktuelle Warnung:Kriminelle missbrauchen die Identit\u00e4t des Autors Ein umfassendes Buch hat er seiner Heimatstadt und ihrer Vergangenheit gewidmet (&#8222;Von Liebe und Leid,&hellip;&nbsp;<a href=\"https:\/\/frommlet-wolfram.de\/\" rel=\"bookmark\"><span class=\"screen-reader-text\">Wolfram Frommlet<\/span><\/a><\/p>\n","protected":false},"author":1,"featured_media":404,"parent":0,"menu_order":0,"comment_status":"closed","ping_status":"closed","template":"","meta":{"neve_meta_sidebar":"","neve_meta_container":"","neve_meta_enable_content_width":"","neve_meta_content_width":0,"neve_meta_title_alignment":"","neve_meta_author_avatar":"","neve_post_elements_order":"","neve_meta_disable_header":"","neve_meta_disable_footer":"","neve_meta_disable_title":"","footnotes":""},"class_list":["post-52","page","type-page","status-publish","has-post-thumbnail","hentry"],"_links":{"self":[{"href":"https:\/\/frommlet-wolfram.de\/index.php\/wp-json\/wp\/v2\/pages\/52","targetHints":{"allow":["GET"]}}],"collection":[{"href":"https:\/\/frommlet-wolfram.de\/index.php\/wp-json\/wp\/v2\/pages"}],"about":[{"href":"https:\/\/frommlet-wolfram.de\/index.php\/wp-json\/wp\/v2\/types\/page"}],"author":[{"embeddable":true,"href":"https:\/\/frommlet-wolfram.de\/index.php\/wp-json\/wp\/v2\/users\/1"}],"replies":[{"embeddable":true,"href":"https:\/\/frommlet-wolfram.de\/index.php\/wp-json\/wp\/v2\/comments?post=52"}],"version-history":[{"count":22,"href":"https:\/\/frommlet-wolfram.de\/index.php\/wp-json\/wp\/v2\/pages\/52\/revisions"}],"predecessor-version":[{"id":459,"href":"https:\/\/frommlet-wolfram.de\/index.php\/wp-json\/wp\/v2\/pages\/52\/revisions\/459"}],"wp:featuredmedia":[{"embeddable":true,"href":"https:\/\/frommlet-wolfram.de\/index.php\/wp-json\/wp\/v2\/media\/404"}],"wp:attachment":[{"href":"https:\/\/frommlet-wolfram.de\/index.php\/wp-json\/wp\/v2\/media?parent=52"}],"curies":[{"name":"wp","href":"https:\/\/api.w.org\/{rel}","templated":true}]}}