{"id":60,"date":"2025-09-04T14:54:29","date_gmt":"2025-09-04T12:54:29","guid":{"rendered":"https:\/\/frommlet-wolfram.de\/?page_id=60"},"modified":"2025-09-22T21:42:59","modified_gmt":"2025-09-22T19:42:59","slug":"autor-2","status":"publish","type":"page","link":"https:\/\/frommlet-wolfram.de\/index.php\/autor-2\/","title":{"rendered":"Autor"},"content":{"rendered":"\n<p>Wolfram Frommlet ist ein Ravensburger Autor, Journalist und Publizist. Als internationaler Journalist hat er einen gro\u00dfen Teil seines Lebens als Publizist und Medientrainer in Asien und vor allem in Afrika verbracht.<\/p>\n\n\n\n<p>Sein aktuelles Werk legt die Grundlage zum Verst\u00e4ndnis des heutigen Afrika: unbestechlich genau, verst\u00e4ndlich und fesselnd wird fast ein halbes Jahrhundert afrikanischer Zeitgeschichte erz\u00e4hlt. Menschliche Schicksale, politische Entwicklungen und wirtschaftliche Analysen \u00f6ffnen dem Lesenden die Augen f\u00fcr die Zusammenh\u00e4nge und Abl\u00e4ufe, die f\u00fcr Afrika &#8211; und f\u00fcr Europas Verh\u00e4ltnis zu dem Kontinent &#8211; bis heute bestimmend sind.<\/p>\n\n\n\n<figure class=\"wp-block-image size-full\"><a href=\"https:\/\/www.kroener-verlag.de\/books\/johann-sebastian-bach-geht-%C3%BCber-den-sambesi.html\"><img loading=\"lazy\" decoding=\"async\" width=\"144\" height=\"222\" src=\"http:\/\/frommlet-wolfram.de\/wp-content\/uploads\/2025\/08\/Cover-Frommlet_Sambesi-mini.jpg\" alt=\"\" class=\"wp-image-8\"\/><\/a><\/figure>\n\n\n\n<p><a href=\"https:\/\/www.kroener-verlag.de\/books\/johann-sebastian-bach-geht-%C3%BCber-den-sambesi.html\">https:\/\/www.kroener-verlag.de\/books\/johann-sebastian-bach-geht-%C3%BCber-den-sambesi.html<\/a><\/p>\n","protected":false},"excerpt":{"rendered":"<p>Wolfram Frommlet ist ein Ravensburger Autor, Journalist und Publizist. Als internationaler Journalist hat er einen gro\u00dfen Teil seines Lebens als Publizist und Medientrainer in Asien und vor allem in Afrika verbracht. Sein aktuelles Werk legt die Grundlage zum Verst\u00e4ndnis des heutigen Afrika: unbestechlich genau, verst\u00e4ndlich und fesselnd wird fast ein halbes Jahrhundert afrikanischer Zeitgeschichte erz\u00e4hlt.&hellip;&nbsp;<a href=\"https:\/\/frommlet-wolfram.de\/index.php\/autor-2\/\" rel=\"bookmark\"><span class=\"screen-reader-text\">Autor<\/span><\/a><\/p>\n","protected":false},"author":1,"featured_media":221,"parent":0,"menu_order":0,"comment_status":"closed","ping_status":"closed","template":"","meta":{"neve_meta_sidebar":"","neve_meta_container":"","neve_meta_enable_content_width":"","neve_meta_content_width":0,"neve_meta_title_alignment":"","neve_meta_author_avatar":"","neve_post_elements_order":"","neve_meta_disable_header":"","neve_meta_disable_footer":"","neve_meta_disable_title":"","footnotes":""},"class_list":["post-60","page","type-page","status-publish","has-post-thumbnail","hentry"],"_links":{"self":[{"href":"https:\/\/frommlet-wolfram.de\/index.php\/wp-json\/wp\/v2\/pages\/60","targetHints":{"allow":["GET"]}}],"collection":[{"href":"https:\/\/frommlet-wolfram.de\/index.php\/wp-json\/wp\/v2\/pages"}],"about":[{"href":"https:\/\/frommlet-wolfram.de\/index.php\/wp-json\/wp\/v2\/types\/page"}],"author":[{"embeddable":true,"href":"https:\/\/frommlet-wolfram.de\/index.php\/wp-json\/wp\/v2\/users\/1"}],"replies":[{"embeddable":true,"href":"https:\/\/frommlet-wolfram.de\/index.php\/wp-json\/wp\/v2\/comments?post=60"}],"version-history":[{"count":6,"href":"https:\/\/frommlet-wolfram.de\/index.php\/wp-json\/wp\/v2\/pages\/60\/revisions"}],"predecessor-version":[{"id":277,"href":"https:\/\/frommlet-wolfram.de\/index.php\/wp-json\/wp\/v2\/pages\/60\/revisions\/277"}],"wp:featuredmedia":[{"embeddable":true,"href":"https:\/\/frommlet-wolfram.de\/index.php\/wp-json\/wp\/v2\/media\/221"}],"wp:attachment":[{"href":"https:\/\/frommlet-wolfram.de\/index.php\/wp-json\/wp\/v2\/media?parent=60"}],"curies":[{"name":"wp","href":"https:\/\/api.w.org\/{rel}","templated":true}]}}