{"id":62,"date":"2025-09-04T14:54:39","date_gmt":"2025-09-04T12:54:39","guid":{"rendered":"https:\/\/frommlet-wolfram.de\/?page_id=62"},"modified":"2025-10-15T16:24:40","modified_gmt":"2025-10-15T14:24:40","slug":"dozent","status":"publish","type":"page","link":"https:\/\/frommlet-wolfram.de\/index.php\/dozent\/","title":{"rendered":"Dozent"},"content":{"rendered":"\n<p>Hochschul-Dozenturen 1975 \u2013 2020<\/p>\n\n\n\n<p>Visuelle Kommunikation, Journalismus, International Relations, Economic Policy<\/p>\n\n\n\n<p>Universit\u00e4ten Essen, Marburg, Osnabr\u00fcck, PH K\u00f6ln, Donau-Universit\u00e4t Krems, Duale Hochschule Ravensburg, Schule f\u00fcr Gestaltung Ravensburg, FH Weingarten<\/p>\n\n\n\n<p><strong>* Duale Hochschule Baden-W\u00fcrttemberg (DHBW) Ravensburg, 1998 \u2013 2006<\/strong><br>FB Medien- &amp; Kommunikationswirtschaft:<br>Fernsehen, H\u00f6rfunk, Verlage, Digitale Medien, NGO Kommunikation<br>FB International Business:<br>Intercultural Managament \/ International Relations<br>FB International Students Programme (Intern. Austauschstudenten):<br>Economics Germany &amp; EEU; scientific writing<\/p>\n\n\n\n<p><strong>* Fachhochschule Weingarten, Abt. Informatik<\/strong>, 2000 &#8211; 2006<br>Schreibwerkst\u00e4tten \u2013 Wissenschaftliche Texte<\/p>\n\n\n\n<figure class=\"wp-block-image size-full\"><img loading=\"lazy\" decoding=\"async\" width=\"295\" height=\"287\" src=\"http:\/\/frommlet-wolfram.de\/wp-content\/uploads\/2025\/08\/work_3.jpg\" alt=\"\" class=\"wp-image-31\"\/><\/figure>\n","protected":false},"excerpt":{"rendered":"<p>Hochschul-Dozenturen 1975 \u2013 2020 Visuelle Kommunikation, Journalismus, International Relations, Economic Policy Universit\u00e4ten Essen, Marburg, Osnabr\u00fcck, PH K\u00f6ln, Donau-Universit\u00e4t Krems, Duale Hochschule Ravensburg, Schule f\u00fcr Gestaltung Ravensburg, FH Weingarten * Duale Hochschule Baden-W\u00fcrttemberg (DHBW) Ravensburg, 1998 \u2013 2006FB Medien- &amp; Kommunikationswirtschaft:Fernsehen, H\u00f6rfunk, Verlage, Digitale Medien, NGO KommunikationFB International Business:Intercultural Managament \/ International RelationsFB International Students Programme&hellip;&nbsp;<a href=\"https:\/\/frommlet-wolfram.de\/index.php\/dozent\/\" rel=\"bookmark\"><span class=\"screen-reader-text\">Dozent<\/span><\/a><\/p>\n","protected":false},"author":1,"featured_media":434,"parent":0,"menu_order":0,"comment_status":"closed","ping_status":"closed","template":"","meta":{"neve_meta_sidebar":"","neve_meta_container":"","neve_meta_enable_content_width":"","neve_meta_content_width":0,"neve_meta_title_alignment":"","neve_meta_author_avatar":"","neve_post_elements_order":"","neve_meta_disable_header":"","neve_meta_disable_footer":"","neve_meta_disable_title":"","footnotes":""},"class_list":["post-62","page","type-page","status-publish","has-post-thumbnail","hentry"],"_links":{"self":[{"href":"https:\/\/frommlet-wolfram.de\/index.php\/wp-json\/wp\/v2\/pages\/62","targetHints":{"allow":["GET"]}}],"collection":[{"href":"https:\/\/frommlet-wolfram.de\/index.php\/wp-json\/wp\/v2\/pages"}],"about":[{"href":"https:\/\/frommlet-wolfram.de\/index.php\/wp-json\/wp\/v2\/types\/page"}],"author":[{"embeddable":true,"href":"https:\/\/frommlet-wolfram.de\/index.php\/wp-json\/wp\/v2\/users\/1"}],"replies":[{"embeddable":true,"href":"https:\/\/frommlet-wolfram.de\/index.php\/wp-json\/wp\/v2\/comments?post=62"}],"version-history":[{"count":5,"href":"https:\/\/frommlet-wolfram.de\/index.php\/wp-json\/wp\/v2\/pages\/62\/revisions"}],"predecessor-version":[{"id":436,"href":"https:\/\/frommlet-wolfram.de\/index.php\/wp-json\/wp\/v2\/pages\/62\/revisions\/436"}],"wp:featuredmedia":[{"embeddable":true,"href":"https:\/\/frommlet-wolfram.de\/index.php\/wp-json\/wp\/v2\/media\/434"}],"wp:attachment":[{"href":"https:\/\/frommlet-wolfram.de\/index.php\/wp-json\/wp\/v2\/media?parent=62"}],"curies":[{"name":"wp","href":"https:\/\/api.w.org\/{rel}","templated":true}]}}