{"id":64,"date":"2025-09-04T14:54:52","date_gmt":"2025-09-04T12:54:52","guid":{"rendered":"https:\/\/frommlet-wolfram.de\/?page_id=64"},"modified":"2025-09-22T15:51:14","modified_gmt":"2025-09-22T13:51:14","slug":"kulturschaffender","status":"publish","type":"page","link":"https:\/\/frommlet-wolfram.de\/index.php\/kulturschaffender\/","title":{"rendered":"Kulturschaffender"},"content":{"rendered":"\n<p>Seit 1998 wieder in Ravensburg mit Theaterprojekten, Konzertlesungen zu den<br>Kulturen Europas, Afrikas &amp; Asiens, publiziert Texte aus den Bereichen Kultur und<br>Politik. Erfolgreich mit der Live-Talkshow &#8222;angesagt &#8211; Menschen aus der Region&#8220; im<br>Kulturzentrum &#8222;Linse&#8220; in Weingarten.<\/p>\n\n\n\n<p>Talkshow &#8222;Gespr\u00e4che \u00fcber die Zukunft&#8220; im Theater Ravensburg.<\/p>\n\n\n\n<p><\/p>\n\n\n\n<figure class=\"wp-block-image size-full\"><img loading=\"lazy\" decoding=\"async\" width=\"534\" height=\"436\" src=\"http:\/\/frommlet-wolfram.de\/wp-content\/uploads\/2025\/08\/Jazz-Trio-3_Rahmen.png\" alt=\"\" class=\"wp-image-39\" srcset=\"https:\/\/frommlet-wolfram.de\/wp-content\/uploads\/2025\/08\/Jazz-Trio-3_Rahmen.png 534w, https:\/\/frommlet-wolfram.de\/wp-content\/uploads\/2025\/08\/Jazz-Trio-3_Rahmen-300x245.png 300w\" sizes=\"auto, (max-width: 534px) 100vw, 534px\" \/><figcaption class=\"wp-element-caption\">Jazz &amp; Lyrik, Gedichte \u00fcber die Liebe und \u00fcber die M\u00e4nner<br>Andieh Merk, Wolfram Frommlet &amp; Mahdi Milla<\/figcaption><\/figure>\n","protected":false},"excerpt":{"rendered":"<p>Seit 1998 wieder in Ravensburg mit Theaterprojekten, Konzertlesungen zu denKulturen Europas, Afrikas &amp; Asiens, publiziert Texte aus den Bereichen Kultur undPolitik. Erfolgreich mit der Live-Talkshow &#8222;angesagt &#8211; Menschen aus der Region&#8220; imKulturzentrum &#8222;Linse&#8220; in Weingarten. Talkshow &#8222;Gespr\u00e4che \u00fcber die Zukunft&#8220; im Theater Ravensburg.<\/p>\n","protected":false},"author":1,"featured_media":262,"parent":0,"menu_order":0,"comment_status":"closed","ping_status":"closed","template":"","meta":{"neve_meta_sidebar":"","neve_meta_container":"","neve_meta_enable_content_width":"","neve_meta_content_width":0,"neve_meta_title_alignment":"","neve_meta_author_avatar":"","neve_post_elements_order":"","neve_meta_disable_header":"","neve_meta_disable_footer":"","neve_meta_disable_title":"","footnotes":""},"class_list":["post-64","page","type-page","status-publish","has-post-thumbnail","hentry"],"_links":{"self":[{"href":"https:\/\/frommlet-wolfram.de\/index.php\/wp-json\/wp\/v2\/pages\/64","targetHints":{"allow":["GET"]}}],"collection":[{"href":"https:\/\/frommlet-wolfram.de\/index.php\/wp-json\/wp\/v2\/pages"}],"about":[{"href":"https:\/\/frommlet-wolfram.de\/index.php\/wp-json\/wp\/v2\/types\/page"}],"author":[{"embeddable":true,"href":"https:\/\/frommlet-wolfram.de\/index.php\/wp-json\/wp\/v2\/users\/1"}],"replies":[{"embeddable":true,"href":"https:\/\/frommlet-wolfram.de\/index.php\/wp-json\/wp\/v2\/comments?post=64"}],"version-history":[{"count":2,"href":"https:\/\/frommlet-wolfram.de\/index.php\/wp-json\/wp\/v2\/pages\/64\/revisions"}],"predecessor-version":[{"id":154,"href":"https:\/\/frommlet-wolfram.de\/index.php\/wp-json\/wp\/v2\/pages\/64\/revisions\/154"}],"wp:featuredmedia":[{"embeddable":true,"href":"https:\/\/frommlet-wolfram.de\/index.php\/wp-json\/wp\/v2\/media\/262"}],"wp:attachment":[{"href":"https:\/\/frommlet-wolfram.de\/index.php\/wp-json\/wp\/v2\/media?parent=64"}],"curies":[{"name":"wp","href":"https:\/\/api.w.org\/{rel}","templated":true}]}}