{"id":70,"date":"2025-09-04T14:56:50","date_gmt":"2025-09-04T12:56:50","guid":{"rendered":"https:\/\/frommlet-wolfram.de\/?page_id=70"},"modified":"2025-10-15T16:47:26","modified_gmt":"2025-10-15T14:47:26","slug":"presse-2","status":"publish","type":"page","link":"https:\/\/frommlet-wolfram.de\/index.php\/presse-2\/","title":{"rendered":"Presse"},"content":{"rendered":"\n<p><strong>Seit 1996<\/strong><br>Freiberuflich Kulturschaffender, Autor, Publizist<\/p>\n\n\n\n<p><strong>1982 \u2013 2003<\/strong><br>Senior Trainer, Journalist im festen Status f\u00fcr:<br>Deutsche Welle English Service, Deutsche Welle Radio Training Centre, K\u00f6ln<\/p>\n\n\n\n<p>Trainer, Consultant, Journalist f\u00fcr Internationale Organisationen Goethe Institut \/ UNESCO Paris \u2013 Nairobi \/ gtz Gesellschaft f\u00fcr Technische Zusammenarbeit \/ Deutsche Welthungerhilfe und andere<\/p>\n\n\n\n<p><strong>1978 &#8211; 1982<\/strong><br>Projektleiter eines Medienprojektes der Naumann-Stiftung in Lusaka \/ Sambia<\/p>\n\n\n\n<p><strong>1972 \u20131978<\/strong><br>fester Mitarbeiter mit Redakteursstatus im WDR K\u00f6ln<br>H\u00f6rfunk III. Programm<br>Fernsehen III. Programm<br><br>Feature, Dokumentationen (u.a. \u201eZeitZeichen\u201c), Reportagen (30:00 \u2013 60:00) , Live-Programme als Moderator &amp; Redakteur (\u201eEnde offen\u201c, \u201eVor Ort\u201c ), Kommentare, Essays, Magazine, H\u00f6rspiele, Kinder- &amp; Jugendprogramme<\/p>\n","protected":false},"excerpt":{"rendered":"<p>Seit 1996Freiberuflich Kulturschaffender, Autor, Publizist 1982 \u2013 2003Senior Trainer, Journalist im festen Status f\u00fcr:Deutsche Welle English Service, Deutsche Welle Radio Training Centre, K\u00f6ln Trainer, Consultant, Journalist f\u00fcr Internationale Organisationen Goethe Institut \/ UNESCO Paris \u2013 Nairobi \/ gtz Gesellschaft f\u00fcr Technische Zusammenarbeit \/ Deutsche Welthungerhilfe und andere 1978 &#8211; 1982Projektleiter eines Medienprojektes der Naumann-Stiftung in&hellip;&nbsp;<a href=\"https:\/\/frommlet-wolfram.de\/index.php\/presse-2\/\" rel=\"bookmark\"><span class=\"screen-reader-text\">Presse<\/span><\/a><\/p>\n","protected":false},"author":1,"featured_media":440,"parent":0,"menu_order":0,"comment_status":"closed","ping_status":"closed","template":"","meta":{"neve_meta_sidebar":"","neve_meta_container":"","neve_meta_enable_content_width":"","neve_meta_content_width":0,"neve_meta_title_alignment":"","neve_meta_author_avatar":"","neve_post_elements_order":"","neve_meta_disable_header":"","neve_meta_disable_footer":"","neve_meta_disable_title":"","footnotes":""},"class_list":["post-70","page","type-page","status-publish","has-post-thumbnail","hentry"],"_links":{"self":[{"href":"https:\/\/frommlet-wolfram.de\/index.php\/wp-json\/wp\/v2\/pages\/70","targetHints":{"allow":["GET"]}}],"collection":[{"href":"https:\/\/frommlet-wolfram.de\/index.php\/wp-json\/wp\/v2\/pages"}],"about":[{"href":"https:\/\/frommlet-wolfram.de\/index.php\/wp-json\/wp\/v2\/types\/page"}],"author":[{"embeddable":true,"href":"https:\/\/frommlet-wolfram.de\/index.php\/wp-json\/wp\/v2\/users\/1"}],"replies":[{"embeddable":true,"href":"https:\/\/frommlet-wolfram.de\/index.php\/wp-json\/wp\/v2\/comments?post=70"}],"version-history":[{"count":2,"href":"https:\/\/frommlet-wolfram.de\/index.php\/wp-json\/wp\/v2\/pages\/70\/revisions"}],"predecessor-version":[{"id":278,"href":"https:\/\/frommlet-wolfram.de\/index.php\/wp-json\/wp\/v2\/pages\/70\/revisions\/278"}],"wp:featuredmedia":[{"embeddable":true,"href":"https:\/\/frommlet-wolfram.de\/index.php\/wp-json\/wp\/v2\/media\/440"}],"wp:attachment":[{"href":"https:\/\/frommlet-wolfram.de\/index.php\/wp-json\/wp\/v2\/media?parent=70"}],"curies":[{"name":"wp","href":"https:\/\/api.w.org\/{rel}","templated":true}]}}