{"id":80,"date":"2025-09-04T15:53:50","date_gmt":"2025-09-04T13:53:50","guid":{"rendered":"https:\/\/frommlet-wolfram.de\/?page_id=80"},"modified":"2025-10-13T10:52:08","modified_gmt":"2025-10-13T08:52:08","slug":"theater","status":"publish","type":"page","link":"https:\/\/frommlet-wolfram.de\/index.php\/theater\/","title":{"rendered":"Theater"},"content":{"rendered":"\n<h2 class=\"wp-block-heading\">Theaterst\u00fccke und Filme<\/h2>\n\n\n\n<p><em>Wieviel Brot hast du gebacken? Wie viel W\u00e4rme hast du gespendet?<\/em> Eine szenische Collage zu Janusz Korczak f\u00fcr drei Schauspieler; UA 15. Mai 1998, Theater Ravensburg, Bedenseefestival Polska Kultura<\/p>\n\n\n\n<p><em>Und morgen kennt mich die ganze Welt<\/em>. Eine politische Satire f\u00fcr einen Schauspieler. UA 24. M\u00e4rz 2004, Theater Ravensburg<\/p>\n\n\n\n<p>Ken Saro-Wiwa: <em>Sozaboy<\/em>, Bearbeitung f\u00fcr Figurentheater, 2004<\/p>\n\n\n\n<p>Dokumentar-Filme <em>ZeitZeugen<\/em>, Ravensburg 2007-15<\/p>\n\n\n\n<p>Reportagen, Features, Dokumentationen f\u00fcr WDR 3, ZDF, 1972 &#8211; 2005<\/p>\n\n\n\n<p><\/p>\n","protected":false},"excerpt":{"rendered":"<p>Theaterst\u00fccke und Filme Wieviel Brot hast du gebacken? Wie viel W\u00e4rme hast du gespendet? Eine szenische Collage zu Janusz Korczak f\u00fcr drei Schauspieler; UA 15. Mai 1998, Theater Ravensburg, Bedenseefestival Polska Kultura Und morgen kennt mich die ganze Welt. Eine politische Satire f\u00fcr einen Schauspieler. UA 24. M\u00e4rz 2004, Theater Ravensburg Ken Saro-Wiwa: Sozaboy, Bearbeitung&hellip;&nbsp;<a href=\"https:\/\/frommlet-wolfram.de\/index.php\/theater\/\" rel=\"bookmark\"><span class=\"screen-reader-text\">Theater<\/span><\/a><\/p>\n","protected":false},"author":1,"featured_media":432,"parent":0,"menu_order":0,"comment_status":"closed","ping_status":"closed","template":"","meta":{"neve_meta_sidebar":"","neve_meta_container":"","neve_meta_enable_content_width":"","neve_meta_content_width":0,"neve_meta_title_alignment":"","neve_meta_author_avatar":"","neve_post_elements_order":"","neve_meta_disable_header":"","neve_meta_disable_footer":"","neve_meta_disable_title":"","footnotes":""},"class_list":["post-80","page","type-page","status-publish","has-post-thumbnail","hentry"],"_links":{"self":[{"href":"https:\/\/frommlet-wolfram.de\/index.php\/wp-json\/wp\/v2\/pages\/80","targetHints":{"allow":["GET"]}}],"collection":[{"href":"https:\/\/frommlet-wolfram.de\/index.php\/wp-json\/wp\/v2\/pages"}],"about":[{"href":"https:\/\/frommlet-wolfram.de\/index.php\/wp-json\/wp\/v2\/types\/page"}],"author":[{"embeddable":true,"href":"https:\/\/frommlet-wolfram.de\/index.php\/wp-json\/wp\/v2\/users\/1"}],"replies":[{"embeddable":true,"href":"https:\/\/frommlet-wolfram.de\/index.php\/wp-json\/wp\/v2\/comments?post=80"}],"version-history":[{"count":2,"href":"https:\/\/frommlet-wolfram.de\/index.php\/wp-json\/wp\/v2\/pages\/80\/revisions"}],"predecessor-version":[{"id":116,"href":"https:\/\/frommlet-wolfram.de\/index.php\/wp-json\/wp\/v2\/pages\/80\/revisions\/116"}],"wp:featuredmedia":[{"embeddable":true,"href":"https:\/\/frommlet-wolfram.de\/index.php\/wp-json\/wp\/v2\/media\/432"}],"wp:attachment":[{"href":"https:\/\/frommlet-wolfram.de\/index.php\/wp-json\/wp\/v2\/media?parent=80"}],"curies":[{"name":"wp","href":"https:\/\/api.w.org\/{rel}","templated":true}]}}