{"id":84,"date":"2025-09-04T15:54:34","date_gmt":"2025-09-04T13:54:34","guid":{"rendered":"https:\/\/frommlet-wolfram.de\/?page_id=84"},"modified":"2025-10-17T14:57:06","modified_gmt":"2025-10-17T12:57:06","slug":"kulturschaffender-2","status":"publish","type":"page","link":"https:\/\/frommlet-wolfram.de\/index.php\/kulturschaffender-2\/","title":{"rendered":"Dokumentarfilme"},"content":{"rendered":"\n<p>FS-Dokumentationen, Reportagen, Feature f\u00fcr WDR, ZDF, Transtel<\/p>\n\n\n\n<p><strong>Dokumentarfilm-Reihe \u201eRavensburger Zeitzeugen\u201c<\/strong><br>7 filmische Dokumentationen 2006 \u2013 2015<br>Im Auftrag von: Museum Humpis Quartier<br>Amt f\u00fcr Stadtsanierung (f\u00fcr \u00d6lschwang-Dokumentation)<\/p>\n\n\n\n<p>Die sieben filmischen Dokumentationen sind ebenso unterhaltsame wie aufschlussreiche Beispiele f\u00fcr \u201eErz\u00e4hlte Geschichte\u201c, f\u00fcr \u201eGeschichte von unten\u201c, wie sie nicht in Geschichtsb\u00fcchern steht. Dokumente und Erinnerungen von Zeitzeugen \u00fcber Handwerk und Industrie, \u00fcber Traditionen, Kultur und Bildung, \u00fcber Architektur, zivilgesellschaftliches Engagement und Kommunalit\u00e4t.<br><br><strong>Die Filme entstanden zwischen 2006 und 2015.<\/strong><\/p>\n\n\n\n<p>* \u201eAls Wirtin musst Du die Menschen lieben\u201c<br>Die \u201eMohren\u201c-Wirtin Pia Kutter 24:30 Min.<\/p>\n\n\n\n<p>* Erich Hausser. Ein Fotografen-Leben 20:00 Min.<\/p>\n\n\n\n<p>* Von der Stadtwirtschaft zum Sterne-Restaurant<br>150 Jahre \u201eWaldhorn\u201c 24:52 Min.<\/p>\n\n\n\n<p>* Von Ravensburg in die Welt und zur\u00fcck<br>Elisabeth Stoll-Scheuerle 29:30 Min.<\/p>\n\n\n\n<p>* Nirgendwo die Angst vor dem Zwang wachrufen<br>Die Architekten Hans und Maria Riempp 25:00 Min.<\/p>\n\n\n\n<p>* Der \u00d6lschwang. Ein Ravensburger Stadtviertel<br>Geschichten \u00fcber das Wasser, die Arbeit und die Menschen. 80:00 Min.<\/p>\n\n\n\n<p>* \u201eEs ist falsch, nichts zu tun.\u201c<br>Das engagierte Leben der Maria Ballarin. 60:00 Min<br><br>Buch, Regie, Sprecher: Wolfram Frommlet<br>Kamera &amp; Schnitt: Paul Grom, Beppo Berger<\/p>\n","protected":false},"excerpt":{"rendered":"<p>FS-Dokumentationen, Reportagen, Feature f\u00fcr WDR, ZDF, Transtel Dokumentarfilm-Reihe \u201eRavensburger Zeitzeugen\u201c7 filmische Dokumentationen 2006 \u2013 2015Im Auftrag von: Museum Humpis QuartierAmt f\u00fcr Stadtsanierung (f\u00fcr \u00d6lschwang-Dokumentation) Die sieben filmischen Dokumentationen sind ebenso unterhaltsame wie aufschlussreiche Beispiele f\u00fcr \u201eErz\u00e4hlte Geschichte\u201c, f\u00fcr \u201eGeschichte von unten\u201c, wie sie nicht in Geschichtsb\u00fcchern steht. Dokumente und Erinnerungen von Zeitzeugen \u00fcber Handwerk und&hellip;&nbsp;<a href=\"https:\/\/frommlet-wolfram.de\/index.php\/kulturschaffender-2\/\" rel=\"bookmark\"><span class=\"screen-reader-text\">Dokumentarfilme<\/span><\/a><\/p>\n","protected":false},"author":1,"featured_media":403,"parent":0,"menu_order":0,"comment_status":"closed","ping_status":"closed","template":"","meta":{"neve_meta_sidebar":"","neve_meta_container":"","neve_meta_enable_content_width":"","neve_meta_content_width":0,"neve_meta_title_alignment":"","neve_meta_author_avatar":"","neve_post_elements_order":"","neve_meta_disable_header":"","neve_meta_disable_footer":"","neve_meta_disable_title":"","footnotes":""},"class_list":["post-84","page","type-page","status-publish","has-post-thumbnail","hentry"],"_links":{"self":[{"href":"https:\/\/frommlet-wolfram.de\/index.php\/wp-json\/wp\/v2\/pages\/84","targetHints":{"allow":["GET"]}}],"collection":[{"href":"https:\/\/frommlet-wolfram.de\/index.php\/wp-json\/wp\/v2\/pages"}],"about":[{"href":"https:\/\/frommlet-wolfram.de\/index.php\/wp-json\/wp\/v2\/types\/page"}],"author":[{"embeddable":true,"href":"https:\/\/frommlet-wolfram.de\/index.php\/wp-json\/wp\/v2\/users\/1"}],"replies":[{"embeddable":true,"href":"https:\/\/frommlet-wolfram.de\/index.php\/wp-json\/wp\/v2\/comments?post=84"}],"version-history":[{"count":4,"href":"https:\/\/frommlet-wolfram.de\/index.php\/wp-json\/wp\/v2\/pages\/84\/revisions"}],"predecessor-version":[{"id":283,"href":"https:\/\/frommlet-wolfram.de\/index.php\/wp-json\/wp\/v2\/pages\/84\/revisions\/283"}],"wp:featuredmedia":[{"embeddable":true,"href":"https:\/\/frommlet-wolfram.de\/index.php\/wp-json\/wp\/v2\/media\/403"}],"wp:attachment":[{"href":"https:\/\/frommlet-wolfram.de\/index.php\/wp-json\/wp\/v2\/media?parent=84"}],"curies":[{"name":"wp","href":"https:\/\/api.w.org\/{rel}","templated":true}]}}