{"id":86,"date":"2025-09-04T15:55:33","date_gmt":"2025-09-04T13:55:33","guid":{"rendered":"https:\/\/frommlet-wolfram.de\/?page_id=86"},"modified":"2025-10-15T16:32:02","modified_gmt":"2025-10-15T14:32:02","slug":"vita","status":"publish","type":"page","link":"https:\/\/frommlet-wolfram.de\/index.php\/vita\/","title":{"rendered":"Vita"},"content":{"rendered":"\n<p>geboren am 7.1.1945 in Ravensburg<\/p>\n\n\n\n<p>1964 &#8211; 69: Studium der Germanistik, Theater- und Musikwissenschaft, Kunstgeschichte in T\u00fcbingen und M\u00fcnchen, Hans-Herbert Fiedler am Richard-Strau\u00df-Konservatorium in M\u00fcnchen<\/p>\n\n\n\n<p>Theaterassistenzen bei Paul Verhoeven &#8211; M\u00fcnchener Kammerspiele, Kurt Pscherer &#8211; , Oper am G\u00e4rtnerplatz, Eberhard Sch\u00f6ner &#8211; M\u00fcnchener Kammeroper, Kurt Wilhelm &#8211; Bayerisches Fernsehen<\/p>\n\n\n\n<p>Gesangsstudium bei Prof. Hermann Achenbach, T\u00fcbingen; am Richard-Strau\u00df-Konservatorium M\u00fcnchen bei Hans Herbert Fiedler<\/p>\n\n\n\n<p>1966 &#8211; 71: Regie, Dramaturgie, Schauspiel und Modernes Musiktheater M\u00fcnchner Kammerspiele, Oper am G\u00e4rtnerplatz, M\u00fcnchner Kammeroper, Bayerischer Rundfunk, Staatstheater Kassel, <\/p>\n\n\n\n<p>1972 &#8211; 73: Stadt Marl, &#8222;Marler Modell&#8220; &#8211; Spielaktionen, \u00f6ffentliche Literaturprojekte (Experimentelles Kinder- &amp; Stra\u00dfentheater)<\/p>\n\n\n\n<p>1973 &#8211; 78: WDR H\u00f6rfunk &amp; Fernsehen III. Programme, Journalist, Autor, Schauspieler, Regisseur und Dramaturg.  In denselben Positionen ebenfalls f\u00fcr andere ARD-Anstalten &amp; ZDF<\/p>\n\n\n\n<p>1978 &#8211; 2006: Medien- und Kulturprojekte in Afrika und Asien f\u00fcr Friedrich-Naumann-Stiftung, Deutsche Welle Radio Training Centre, Goethe Institue, UNESCO Paris \/ Nairobi<\/p>\n\n\n\n<p>1998: R\u00fcckkehr nach Ravensburg<\/p>\n\n\n\n<p>Dozent Staatliche Duale Hochschule BW, Ravensburg 1998 &#8211; 2010 <br>2009 &#8211; 2014 Schule f\u00fcr Gestaltung, Ravensburg; Fachhochschule Weingarten<\/p>\n\n\n\n<p>1998 &#8211; heute: \u00f6ffentliche Kunstaktionen, Theater, Lehrt\u00e4tigkeiten, Journalismus u.a. DLF, WDR, Schw\u00e4bische Zeitung, KONTEXT Wochenzeitung, BLIX Magazin<\/p>\n\n\n\n<p>Talks Angesagt &#8211; Menschen aus der Region; Gespr\u00e4che \u00fcber die Zukunft; Literaturprogramme Bodensee-Festivals, Ausstellungen, u.a. &#8222;Lyrik aus 17 L\u00e4ndern in der Ravensburger Unterstadt&#8220;; Photo-Documentary Projekt \u201eH\u00e4nde in Ravensburg\u201c, mit Veit H\u00e4mmerle, 2017<\/p>\n\n\n\n<p><\/p>\n","protected":false},"excerpt":{"rendered":"<p>geboren am 7.1.1945 in Ravensburg 1964 &#8211; 69: Studium der Germanistik, Theater- und Musikwissenschaft, Kunstgeschichte in T\u00fcbingen und M\u00fcnchen, Hans-Herbert Fiedler am Richard-Strau\u00df-Konservatorium in M\u00fcnchen Theaterassistenzen bei Paul Verhoeven &#8211; M\u00fcnchener Kammerspiele, Kurt Pscherer &#8211; , Oper am G\u00e4rtnerplatz, Eberhard Sch\u00f6ner &#8211; M\u00fcnchener Kammeroper, Kurt Wilhelm &#8211; Bayerisches Fernsehen Gesangsstudium bei Prof. Hermann Achenbach, T\u00fcbingen;&hellip;&nbsp;<a href=\"https:\/\/frommlet-wolfram.de\/index.php\/vita\/\" rel=\"bookmark\"><span class=\"screen-reader-text\">Vita<\/span><\/a><\/p>\n","protected":false},"author":1,"featured_media":438,"parent":0,"menu_order":0,"comment_status":"closed","ping_status":"closed","template":"","meta":{"neve_meta_sidebar":"","neve_meta_container":"","neve_meta_enable_content_width":"","neve_meta_content_width":0,"neve_meta_title_alignment":"","neve_meta_author_avatar":"","neve_post_elements_order":"","neve_meta_disable_header":"","neve_meta_disable_footer":"","neve_meta_disable_title":"","footnotes":""},"class_list":["post-86","page","type-page","status-publish","has-post-thumbnail","hentry"],"_links":{"self":[{"href":"https:\/\/frommlet-wolfram.de\/index.php\/wp-json\/wp\/v2\/pages\/86","targetHints":{"allow":["GET"]}}],"collection":[{"href":"https:\/\/frommlet-wolfram.de\/index.php\/wp-json\/wp\/v2\/pages"}],"about":[{"href":"https:\/\/frommlet-wolfram.de\/index.php\/wp-json\/wp\/v2\/types\/page"}],"author":[{"embeddable":true,"href":"https:\/\/frommlet-wolfram.de\/index.php\/wp-json\/wp\/v2\/users\/1"}],"replies":[{"embeddable":true,"href":"https:\/\/frommlet-wolfram.de\/index.php\/wp-json\/wp\/v2\/comments?post=86"}],"version-history":[{"count":18,"href":"https:\/\/frommlet-wolfram.de\/index.php\/wp-json\/wp\/v2\/pages\/86\/revisions"}],"predecessor-version":[{"id":350,"href":"https:\/\/frommlet-wolfram.de\/index.php\/wp-json\/wp\/v2\/pages\/86\/revisions\/350"}],"wp:featuredmedia":[{"embeddable":true,"href":"https:\/\/frommlet-wolfram.de\/index.php\/wp-json\/wp\/v2\/media\/438"}],"wp:attachment":[{"href":"https:\/\/frommlet-wolfram.de\/index.php\/wp-json\/wp\/v2\/media?parent=86"}],"curies":[{"name":"wp","href":"https:\/\/api.w.org\/{rel}","templated":true}]}}