{"id":88,"date":"2025-09-04T15:55:47","date_gmt":"2025-09-04T13:55:47","guid":{"rendered":"https:\/\/frommlet-wolfram.de\/?page_id=88"},"modified":"2025-09-25T22:14:25","modified_gmt":"2025-09-25T20:14:25","slug":"preise-und-auszeichnungen","status":"publish","type":"page","link":"https:\/\/frommlet-wolfram.de\/index.php\/preise-und-auszeichnungen\/","title":{"rendered":"Preise und Auszeichnungen"},"content":{"rendered":"\n<p>Journalistenpreis Entwicklungspolitik Bonn 1988, Bundespr\u00e4sident Richard v. Weizs\u00e4cker<\/p>\n\n\n\n<p>Journalistenpreis Entwicklungspolitik. Bonn 1993, Bundespr\u00e4sident Roman Herzog<\/p>\n\n\n\n<p>Dekadenprojekt der UNESCO Weltkulturdekade, Paris 1995, f\u00fcr afrikanische und asiatische H\u00f6rspielproduktionen und Publikationen <\/p>\n\n\n\n<p> The Golden Letter, Bologna International Childrens Book Fair 2000 <\/p>\n\n\n\n<p>Sch\u00f6nstes Buch der Welt 2000 f\u00fcr Mond und Morgenstern, mit Henning Wagenbreth, Buchmesse Leipzig 2000<\/p>\n\n\n\n<p>1. Preis der Stiftung Buchkunst, Frankfurter Buchmesse 2000, f\u00fcr \u201eMond und Morgenstern.\u201c<\/p>\n\n\n\n<p>Kinderbuchpreis 2000, Deutsche UNESCO Kommission, f\u00fcr \u201eMond und Morgenstern.\u201c<\/p>\n\n\n\n<p>Deutsche UNESCO-Kommission, Kinderbuchpreis 2000,  Auszeichnung f\u00fcr Afrikanische &amp; Asiatische H\u00f6rspiele &amp; Publikationen. Deutsche UNESCO Kommission.<\/p>\n\n\n\n<p>Willi-Bleicher-Preis des DGB, 2007 &#8211; F\u00fcr gewerkschaftlichen Journalismus und die Gespr\u00e4chsreihe \u201eAngesagt\u201c in Weingarten. Begr\u00fcndung: \u201eEinmischung eines engagierten Zeitgenossen&#8220;.<\/p>\n\n\n\n<p>Stadtmarketing-Preis Baden-W\u00fcrttemberg 2015, f\u00fcr das Projekt &#8222;Lyrik in der Unterstadt&#8220;, Ravensburg 2013 &#8211; 1. Preis in der Kategorie Mittelst\u00e4dte <\/p>\n\n\n\n<p><\/p>\n\n\n\n<p><\/p>\n","protected":false},"excerpt":{"rendered":"<p>Journalistenpreis Entwicklungspolitik Bonn 1988, Bundespr\u00e4sident Richard v. Weizs\u00e4cker Journalistenpreis Entwicklungspolitik. Bonn 1993, Bundespr\u00e4sident Roman Herzog Dekadenprojekt der UNESCO Weltkulturdekade, Paris 1995, f\u00fcr afrikanische und asiatische H\u00f6rspielproduktionen und Publikationen The Golden Letter, Bologna International Childrens Book Fair 2000 Sch\u00f6nstes Buch der Welt 2000 f\u00fcr Mond und Morgenstern, mit Henning Wagenbreth, Buchmesse Leipzig 2000 1. Preis der&hellip;&nbsp;<a href=\"https:\/\/frommlet-wolfram.de\/index.php\/preise-und-auszeichnungen\/\" rel=\"bookmark\"><span class=\"screen-reader-text\">Preise und Auszeichnungen<\/span><\/a><\/p>\n","protected":false},"author":1,"featured_media":300,"parent":0,"menu_order":0,"comment_status":"closed","ping_status":"closed","template":"","meta":{"neve_meta_sidebar":"","neve_meta_container":"","neve_meta_enable_content_width":"","neve_meta_content_width":0,"neve_meta_title_alignment":"","neve_meta_author_avatar":"","neve_post_elements_order":"","neve_meta_disable_header":"","neve_meta_disable_footer":"","neve_meta_disable_title":"","footnotes":""},"class_list":["post-88","page","type-page","status-publish","has-post-thumbnail","hentry"],"_links":{"self":[{"href":"https:\/\/frommlet-wolfram.de\/index.php\/wp-json\/wp\/v2\/pages\/88","targetHints":{"allow":["GET"]}}],"collection":[{"href":"https:\/\/frommlet-wolfram.de\/index.php\/wp-json\/wp\/v2\/pages"}],"about":[{"href":"https:\/\/frommlet-wolfram.de\/index.php\/wp-json\/wp\/v2\/types\/page"}],"author":[{"embeddable":true,"href":"https:\/\/frommlet-wolfram.de\/index.php\/wp-json\/wp\/v2\/users\/1"}],"replies":[{"embeddable":true,"href":"https:\/\/frommlet-wolfram.de\/index.php\/wp-json\/wp\/v2\/comments?post=88"}],"version-history":[{"count":23,"href":"https:\/\/frommlet-wolfram.de\/index.php\/wp-json\/wp\/v2\/pages\/88\/revisions"}],"predecessor-version":[{"id":330,"href":"https:\/\/frommlet-wolfram.de\/index.php\/wp-json\/wp\/v2\/pages\/88\/revisions\/330"}],"wp:featuredmedia":[{"embeddable":true,"href":"https:\/\/frommlet-wolfram.de\/index.php\/wp-json\/wp\/v2\/media\/300"}],"wp:attachment":[{"href":"https:\/\/frommlet-wolfram.de\/index.php\/wp-json\/wp\/v2\/media?parent=88"}],"curies":[{"name":"wp","href":"https:\/\/api.w.org\/{rel}","templated":true}]}}